{"id":2334,"date":"2025-01-19T22:07:24","date_gmt":"2025-01-19T21:07:24","guid":{"rendered":"https:\/\/denee-location-inter-asso.fr\/?post_type=product&#038;p=2334"},"modified":"2025-08-14T15:59:21","modified_gmt":"2025-08-14T13:59:21","slug":"jeu-de-lumiere-n-2","status":"publish","type":"product","link":"https:\/\/denee-location-inter-asso.fr\/index.php\/produit\/jeu-de-lumiere-n-2\/","title":{"rendered":"Jeu de lumi\u00e8re n\u00b0 2"},"content":{"rendered":"<ul>\n<li>Laser simple, multi faisceaux couleurs.<\/li>\n<\/ul>\n<p>Merci de lire les conditions g\u00e9n\u00e9rales de vente, <a href=\"https:\/\/denee-location-inter-asso.fr\/index.php\/cgv\/\">ici<\/a><\/p>\n","protected":false},"excerpt":{"rendered":"<p><strong>Dur\u00e9e de la location :<\/strong><br \/>\nLa\u00a0 location est consentie pour une dur\u00e9e de 4 jours \u00e0 compter du : <strong>Vendredi \u00e0 18 h pr\u00e9cise pour se terminer le lundi \u00e0 18 h pr\u00e9cise<\/strong>.<br \/>\nRetrait : rue du Colonel \u00e0 Den\u00e9e (face \u00e0 l\u2019\u00e9cole Sainte Marie)<br \/>\n<strong>La location est r\u00e9serv\u00e9e aux habitants de la commune de Den\u00e9e.<\/strong><\/p>\n","protected":false},"featured_media":2284,"template":"","meta":{"site-sidebar-layout":"default","site-content-layout":"default","ast-site-content-layout":"default","site-content-style":"default","site-sidebar-style":"default","ast-global-header-display":"","ast-banner-title-visibility":"","ast-main-header-display":"","ast-hfb-above-header-display":"","ast-hfb-below-header-display":"","ast-hfb-mobile-header-display":"","site-post-title":"","ast-breadcrumbs-content":"","ast-featured-img":"","footer-sml-layout":"","ast-disable-related-posts":"","theme-transparent-header-meta":"default","adv-header-id-meta":"","stick-header-meta":"","header-above-stick-meta":"","header-main-stick-meta":"","header-below-stick-meta":"","astra-migrate-meta-layouts":"set","ast-page-background-enabled":"default","ast-page-background-meta":{"desktop":{"background-color":"var(--ast-global-color-4)","background-image":"","background-repeat":"repeat","background-position":"center center","background-size":"auto","background-attachment":"scroll","background-type":"","background-media":"","overlay-type":"","overlay-color":"","overlay-opacity":"","overlay-gradient":""},"tablet":{"background-color":"","background-image":"","background-repeat":"repeat","background-position":"center center","background-size":"auto","background-attachment":"scroll","background-type":"","background-media":"","overlay-type":"","overlay-color":"","overlay-opacity":"","overlay-gradient":""},"mobile":{"background-color":"","background-image":"","background-repeat":"repeat","background-position":"center center","background-size":"auto","background-attachment":"scroll","background-type":"","background-media":"","overlay-type":"","overlay-color":"","overlay-opacity":"","overlay-gradient":""}},"ast-content-background-meta":{"desktop":{"background-color":"var(--ast-global-color-5)","background-image":"","background-repeat":"repeat","background-position":"center center","background-size":"auto","background-attachment":"scroll","background-type":"","background-media":"","overlay-type":"","overlay-color":"","overlay-opacity":"","overlay-gradient":""},"tablet":{"background-color":"var(--ast-global-color-5)","background-image":"","background-repeat":"repeat","background-position":"center center","background-size":"auto","background-attachment":"scroll","background-type":"","background-media":"","overlay-type":"","overlay-color":"","overlay-opacity":"","overlay-gradient":""},"mobile":{"background-color":"var(--ast-global-color-5)","background-image":"","background-repeat":"repeat","background-position":"center center","background-size":"auto","background-attachment":"scroll","background-type":"","background-media":"","overlay-type":"","overlay-color":"","overlay-opacity":"","overlay-gradient":""}}},"product_brand":[],"product_cat":[96,60],"product_tag":[],"class_list":{"0":"post-2334","1":"product","2":"type-product","3":"status-publish","4":"has-post-thumbnail","6":"product_cat-lumieres","7":"product_cat-materiel-a-louer","8":"desktop-align-left","9":"tablet-align-left","10":"mobile-align-left","12":"first","13":"instock","14":"shipping-taxable","15":"purchasable","16":"product-type-simple"},"yoast_head":"<!-- This site is optimized with the Yoast SEO plugin v27.4 - https:\/\/yoast.com\/product\/yoast-seo-wordpress\/ -->\n<title>Jeu de lumi\u00e8re n\u00b0 2 - Den\u00e9e location inter asso<\/title>\n<meta name=\"robots\" content=\"index, follow, max-snippet:-1, max-image-preview:large, max-video-preview:-1\" \/>\n<link rel=\"canonical\" href=\"https:\/\/denee-location-inter-asso.fr\/index.php\/produit\/jeu-de-lumiere-n-2\/\" \/>\n<meta property=\"og:locale\" content=\"fr_FR\" \/>\n<meta property=\"og:type\" content=\"article\" \/>\n<meta property=\"og:title\" content=\"Jeu de lumi\u00e8re n\u00b0 2 - Den\u00e9e location inter asso\" \/>\n<meta property=\"og:description\" content=\"Dur\u00e9e de la location : La\u00a0 location est consentie pour une dur\u00e9e de 4 jours \u00e0 compter du : Vendredi \u00e0 18 h pr\u00e9cise pour se terminer le lundi \u00e0 18 h pr\u00e9cise. Retrait : rue du Colonel \u00e0 Den\u00e9e (face \u00e0 l\u2019\u00e9cole Sainte Marie) La location est r\u00e9serv\u00e9e aux habitants de la commune de Den\u00e9e.\" \/>\n<meta property=\"og:url\" content=\"https:\/\/denee-location-inter-asso.fr\/index.php\/produit\/jeu-de-lumiere-n-2\/\" \/>\n<meta property=\"og:site_name\" content=\"Den\u00e9e location inter asso\" \/>\n<meta property=\"article:modified_time\" content=\"2025-08-14T13:59:21+00:00\" \/>\n<meta property=\"og:image\" content=\"https:\/\/denee-location-inter-asso.fr\/wp-content\/uploads\/2025\/01\/jeu-de-lumiere-2.webp\" \/>\n\t<meta property=\"og:image:width\" content=\"2339\" \/>\n\t<meta property=\"og:image:height\" content=\"1654\" \/>\n\t<meta property=\"og:image:type\" content=\"image\/webp\" \/>\n<meta name=\"twitter:card\" content=\"summary_large_image\" \/>\n<meta name=\"twitter:label1\" content=\"Dur\u00e9e de lecture estim\u00e9e\" \/>\n\t<meta name=\"twitter:data1\" content=\"1 minute\" \/>\n<script type=\"application\/ld+json\" class=\"yoast-schema-graph\">{\"@context\":\"https:\\\/\\\/schema.org\",\"@graph\":[{\"@type\":\"WebPage\",\"@id\":\"https:\\\/\\\/denee-location-inter-asso.fr\\\/index.php\\\/produit\\\/jeu-de-lumiere-n-2\\\/\",\"url\":\"https:\\\/\\\/denee-location-inter-asso.fr\\\/index.php\\\/produit\\\/jeu-de-lumiere-n-2\\\/\",\"name\":\"Jeu de lumi\u00e8re n\u00b0 2 - Den\u00e9e location inter asso\",\"isPartOf\":{\"@id\":\"https:\\\/\\\/denee-location-inter-asso.fr\\\/#website\"},\"primaryImageOfPage\":{\"@id\":\"https:\\\/\\\/denee-location-inter-asso.fr\\\/index.php\\\/produit\\\/jeu-de-lumiere-n-2\\\/#primaryimage\"},\"image\":{\"@id\":\"https:\\\/\\\/denee-location-inter-asso.fr\\\/index.php\\\/produit\\\/jeu-de-lumiere-n-2\\\/#primaryimage\"},\"thumbnailUrl\":\"https:\\\/\\\/denee-location-inter-asso.fr\\\/wp-content\\\/uploads\\\/2025\\\/01\\\/jeu-de-lumiere-2.webp\",\"datePublished\":\"2025-01-19T21:07:24+00:00\",\"dateModified\":\"2025-08-14T13:59:21+00:00\",\"breadcrumb\":{\"@id\":\"https:\\\/\\\/denee-location-inter-asso.fr\\\/index.php\\\/produit\\\/jeu-de-lumiere-n-2\\\/#breadcrumb\"},\"inLanguage\":\"fr-FR\",\"potentialAction\":[{\"@type\":\"ReadAction\",\"target\":[\"https:\\\/\\\/denee-location-inter-asso.fr\\\/index.php\\\/produit\\\/jeu-de-lumiere-n-2\\\/\"]}]},{\"@type\":\"ImageObject\",\"inLanguage\":\"fr-FR\",\"@id\":\"https:\\\/\\\/denee-location-inter-asso.fr\\\/index.php\\\/produit\\\/jeu-de-lumiere-n-2\\\/#primaryimage\",\"url\":\"https:\\\/\\\/denee-location-inter-asso.fr\\\/wp-content\\\/uploads\\\/2025\\\/01\\\/jeu-de-lumiere-2.webp\",\"contentUrl\":\"https:\\\/\\\/denee-location-inter-asso.fr\\\/wp-content\\\/uploads\\\/2025\\\/01\\\/jeu-de-lumiere-2.webp\",\"width\":2339,\"height\":1654},{\"@type\":\"BreadcrumbList\",\"@id\":\"https:\\\/\\\/denee-location-inter-asso.fr\\\/index.php\\\/produit\\\/jeu-de-lumiere-n-2\\\/#breadcrumb\",\"itemListElement\":[{\"@type\":\"ListItem\",\"position\":1,\"name\":\"Accueil\",\"item\":\"https:\\\/\\\/denee-location-inter-asso.fr\\\/\"},{\"@type\":\"ListItem\",\"position\":2,\"name\":\"Boutique\",\"item\":\"https:\\\/\\\/denee-location-inter-asso.fr\\\/index.php\\\/boutique\\\/\"},{\"@type\":\"ListItem\",\"position\":3,\"name\":\"Jeu de lumi\u00e8re n\u00b0 2\"}]},{\"@type\":\"WebSite\",\"@id\":\"https:\\\/\\\/denee-location-inter-asso.fr\\\/#website\",\"url\":\"https:\\\/\\\/denee-location-inter-asso.fr\\\/\",\"name\":\"Den\u00e9e location Inter Asso\",\"description\":\"\",\"publisher\":{\"@id\":\"https:\\\/\\\/denee-location-inter-asso.fr\\\/#organization\"},\"potentialAction\":[{\"@type\":\"SearchAction\",\"target\":{\"@type\":\"EntryPoint\",\"urlTemplate\":\"https:\\\/\\\/denee-location-inter-asso.fr\\\/?s={search_term_string}\"},\"query-input\":{\"@type\":\"PropertyValueSpecification\",\"valueRequired\":true,\"valueName\":\"search_term_string\"}}],\"inLanguage\":\"fr-FR\"},{\"@type\":\"Organization\",\"@id\":\"https:\\\/\\\/denee-location-inter-asso.fr\\\/#organization\",\"name\":\"Den\u00e9e location Inter Asso\",\"url\":\"https:\\\/\\\/denee-location-inter-asso.fr\\\/\",\"logo\":{\"@type\":\"ImageObject\",\"inLanguage\":\"fr-FR\",\"@id\":\"https:\\\/\\\/denee-location-inter-asso.fr\\\/#\\\/schema\\\/logo\\\/image\\\/\",\"url\":\"https:\\\/\\\/denee-location-inter-asso.fr\\\/wp-content\\\/uploads\\\/2022\\\/09\\\/D-500-\u00d7-200-px-300-\u00d7-200-px.png\",\"contentUrl\":\"https:\\\/\\\/denee-location-inter-asso.fr\\\/wp-content\\\/uploads\\\/2022\\\/09\\\/D-500-\u00d7-200-px-300-\u00d7-200-px.png\",\"width\":300,\"height\":200,\"caption\":\"Den\u00e9e location Inter Asso\"},\"image\":{\"@id\":\"https:\\\/\\\/denee-location-inter-asso.fr\\\/#\\\/schema\\\/logo\\\/image\\\/\"}}]}<\/script>\n<!-- \/ Yoast SEO plugin. -->","yoast_head_json":{"title":"Jeu de lumi\u00e8re n\u00b0 2 - Den\u00e9e location inter asso","robots":{"index":"index","follow":"follow","max-snippet":"max-snippet:-1","max-image-preview":"max-image-preview:large","max-video-preview":"max-video-preview:-1"},"canonical":"https:\/\/denee-location-inter-asso.fr\/index.php\/produit\/jeu-de-lumiere-n-2\/","og_locale":"fr_FR","og_type":"article","og_title":"Jeu de lumi\u00e8re n\u00b0 2 - Den\u00e9e location inter asso","og_description":"Dur\u00e9e de la location : La\u00a0 location est consentie pour une dur\u00e9e de 4 jours \u00e0 compter du : Vendredi \u00e0 18 h pr\u00e9cise pour se terminer le lundi \u00e0 18 h pr\u00e9cise. Retrait : rue du Colonel \u00e0 Den\u00e9e (face \u00e0 l\u2019\u00e9cole Sainte Marie) La location est r\u00e9serv\u00e9e aux habitants de la commune de Den\u00e9e.","og_url":"https:\/\/denee-location-inter-asso.fr\/index.php\/produit\/jeu-de-lumiere-n-2\/","og_site_name":"Den\u00e9e location inter asso","article_modified_time":"2025-08-14T13:59:21+00:00","og_image":[{"width":2339,"height":1654,"url":"https:\/\/denee-location-inter-asso.fr\/wp-content\/uploads\/2025\/01\/jeu-de-lumiere-2.webp","type":"image\/webp"}],"twitter_card":"summary_large_image","twitter_misc":{"Dur\u00e9e de lecture estim\u00e9e":"1 minute"},"schema":{"@context":"https:\/\/schema.org","@graph":[{"@type":"WebPage","@id":"https:\/\/denee-location-inter-asso.fr\/index.php\/produit\/jeu-de-lumiere-n-2\/","url":"https:\/\/denee-location-inter-asso.fr\/index.php\/produit\/jeu-de-lumiere-n-2\/","name":"Jeu de lumi\u00e8re n\u00b0 2 - Den\u00e9e location inter asso","isPartOf":{"@id":"https:\/\/denee-location-inter-asso.fr\/#website"},"primaryImageOfPage":{"@id":"https:\/\/denee-location-inter-asso.fr\/index.php\/produit\/jeu-de-lumiere-n-2\/#primaryimage"},"image":{"@id":"https:\/\/denee-location-inter-asso.fr\/index.php\/produit\/jeu-de-lumiere-n-2\/#primaryimage"},"thumbnailUrl":"https:\/\/denee-location-inter-asso.fr\/wp-content\/uploads\/2025\/01\/jeu-de-lumiere-2.webp","datePublished":"2025-01-19T21:07:24+00:00","dateModified":"2025-08-14T13:59:21+00:00","breadcrumb":{"@id":"https:\/\/denee-location-inter-asso.fr\/index.php\/produit\/jeu-de-lumiere-n-2\/#breadcrumb"},"inLanguage":"fr-FR","potentialAction":[{"@type":"ReadAction","target":["https:\/\/denee-location-inter-asso.fr\/index.php\/produit\/jeu-de-lumiere-n-2\/"]}]},{"@type":"ImageObject","inLanguage":"fr-FR","@id":"https:\/\/denee-location-inter-asso.fr\/index.php\/produit\/jeu-de-lumiere-n-2\/#primaryimage","url":"https:\/\/denee-location-inter-asso.fr\/wp-content\/uploads\/2025\/01\/jeu-de-lumiere-2.webp","contentUrl":"https:\/\/denee-location-inter-asso.fr\/wp-content\/uploads\/2025\/01\/jeu-de-lumiere-2.webp","width":2339,"height":1654},{"@type":"BreadcrumbList","@id":"https:\/\/denee-location-inter-asso.fr\/index.php\/produit\/jeu-de-lumiere-n-2\/#breadcrumb","itemListElement":[{"@type":"ListItem","position":1,"name":"Accueil","item":"https:\/\/denee-location-inter-asso.fr\/"},{"@type":"ListItem","position":2,"name":"Boutique","item":"https:\/\/denee-location-inter-asso.fr\/index.php\/boutique\/"},{"@type":"ListItem","position":3,"name":"Jeu de lumi\u00e8re n\u00b0 2"}]},{"@type":"WebSite","@id":"https:\/\/denee-location-inter-asso.fr\/#website","url":"https:\/\/denee-location-inter-asso.fr\/","name":"Den\u00e9e location Inter Asso","description":"","publisher":{"@id":"https:\/\/denee-location-inter-asso.fr\/#organization"},"potentialAction":[{"@type":"SearchAction","target":{"@type":"EntryPoint","urlTemplate":"https:\/\/denee-location-inter-asso.fr\/?s={search_term_string}"},"query-input":{"@type":"PropertyValueSpecification","valueRequired":true,"valueName":"search_term_string"}}],"inLanguage":"fr-FR"},{"@type":"Organization","@id":"https:\/\/denee-location-inter-asso.fr\/#organization","name":"Den\u00e9e location Inter Asso","url":"https:\/\/denee-location-inter-asso.fr\/","logo":{"@type":"ImageObject","inLanguage":"fr-FR","@id":"https:\/\/denee-location-inter-asso.fr\/#\/schema\/logo\/image\/","url":"https:\/\/denee-location-inter-asso.fr\/wp-content\/uploads\/2022\/09\/D-500-\u00d7-200-px-300-\u00d7-200-px.png","contentUrl":"https:\/\/denee-location-inter-asso.fr\/wp-content\/uploads\/2022\/09\/D-500-\u00d7-200-px-300-\u00d7-200-px.png","width":300,"height":200,"caption":"Den\u00e9e location Inter Asso"},"image":{"@id":"https:\/\/denee-location-inter-asso.fr\/#\/schema\/logo\/image\/"}}]}},"_links":{"self":[{"href":"https:\/\/denee-location-inter-asso.fr\/index.php\/wp-json\/wp\/v2\/product\/2334","targetHints":{"allow":["GET"]}}],"collection":[{"href":"https:\/\/denee-location-inter-asso.fr\/index.php\/wp-json\/wp\/v2\/product"}],"about":[{"href":"https:\/\/denee-location-inter-asso.fr\/index.php\/wp-json\/wp\/v2\/types\/product"}],"version-history":[{"count":2,"href":"https:\/\/denee-location-inter-asso.fr\/index.php\/wp-json\/wp\/v2\/product\/2334\/revisions"}],"predecessor-version":[{"id":2435,"href":"https:\/\/denee-location-inter-asso.fr\/index.php\/wp-json\/wp\/v2\/product\/2334\/revisions\/2435"}],"wp:featuredmedia":[{"embeddable":true,"href":"https:\/\/denee-location-inter-asso.fr\/index.php\/wp-json\/wp\/v2\/media\/2284"}],"wp:attachment":[{"href":"https:\/\/denee-location-inter-asso.fr\/index.php\/wp-json\/wp\/v2\/media?parent=2334"}],"wp:term":[{"taxonomy":"product_brand","embeddable":true,"href":"https:\/\/denee-location-inter-asso.fr\/index.php\/wp-json\/wp\/v2\/product_brand?post=2334"},{"taxonomy":"product_cat","embeddable":true,"href":"https:\/\/denee-location-inter-asso.fr\/index.php\/wp-json\/wp\/v2\/product_cat?post=2334"},{"taxonomy":"product_tag","embeddable":true,"href":"https:\/\/denee-location-inter-asso.fr\/index.php\/wp-json\/wp\/v2\/product_tag?post=2334"}],"curies":[{"name":"wp","href":"https:\/\/api.w.org\/{rel}","templated":true}]}}