{"id":1991,"date":"2023-11-10T15:04:31","date_gmt":"2023-11-10T14:04:31","guid":{"rendered":"https:\/\/denee-location-inter-asso.fr\/?post_type=product&#038;p=1991"},"modified":"2026-04-04T21:14:26","modified_gmt":"2026-04-04T19:14:26","slug":"tente-de-reception-40-m2-2","status":"publish","type":"product","link":"https:\/\/denee-location-inter-asso.fr\/index.php\/produit\/tente-de-reception-40-m2-2\/","title":{"rendered":"Tente de r\u00e9ception 40 m2"},"content":{"rendered":"<ul>\n<li>Dimensions : 8 m x 5 m<\/li>\n<li>Capacit\u00e9 : 40 personnes assises, 80 personnes debout<\/li>\n<li>Quantit\u00e9 disponible : 4<\/li>\n<li>Accessoires fournis : R\u00e9glettes N\u00e9ons avec fixations (2 par tentes)<\/li>\n<\/ul>\n<p>Caution : 200\u20ac<br \/>\nLa caution sera restitu\u00e9e apr\u00e8s contr\u00f4le du mat\u00e9riel mont\u00e9, et au plus tard 2 mois apr\u00e8s le retour du mat\u00e9riel.<\/p>\n<p><strong>Pour une bonne organisation, le preneur sera accompagn\u00e9 au minimum de 3 personnes ( la personne de permanence n\u2019assure pas le d\u00e9placement du mat\u00e9riel). Pr\u00e9voir une remorque, une voiture ou un fourgon adapt\u00e9 au volume et au poids du mat\u00e9riel emprunt\u00e9 pour que tout soit pris en un seul tour.(\u00e0 l\u2019enl\u00e8vement comme \u00e0 la restitution du mat\u00e9riel)<\/strong><\/p>\n<p>Merci de lire les conditions g\u00e9n\u00e9rales de vente, <a href=\"https:\/\/denee-location-inter-asso.fr\/index.php\/cgv\/\">ici<\/a><\/p>\n","protected":false},"excerpt":{"rendered":"<p><strong>Dur\u00e9e de la location :<\/strong><br \/>\nLa\u00a0 location est consentie pour une dur\u00e9e de 4 jours \u00e0 compter du : <strong>Vendredi \u00e0 18 h pr\u00e9cise pour se terminer le lundi \u00e0 18 h pr\u00e9cise.<\/strong><br \/>\nRetrait : rue du Colonel \u00e0 Den\u00e9e (face \u00e0 l\u2019\u00e9cole Sainte Marie)<br \/>\n<strong>La location est r\u00e9serv\u00e9e aux habitants de la commune de Den\u00e9e 49190.<\/strong><\/p>\n","protected":false},"featured_media":623,"template":"","meta":{"site-sidebar-layout":"default","site-content-layout":"default","ast-site-content-layout":"default","site-content-style":"default","site-sidebar-style":"default","ast-global-header-display":"","ast-banner-title-visibility":"","ast-main-header-display":"","ast-hfb-above-header-display":"","ast-hfb-below-header-display":"","ast-hfb-mobile-header-display":"","site-post-title":"","ast-breadcrumbs-content":"","ast-featured-img":"","footer-sml-layout":"","ast-disable-related-posts":"","theme-transparent-header-meta":"default","adv-header-id-meta":"","stick-header-meta":"","header-above-stick-meta":"","header-main-stick-meta":"","header-below-stick-meta":"","astra-migrate-meta-layouts":"set","ast-page-background-enabled":"default","ast-page-background-meta":{"desktop":{"background-color":"var(--ast-global-color-4)","background-image":"","background-repeat":"repeat","background-position":"center center","background-size":"auto","background-attachment":"scroll","background-type":"","background-media":"","overlay-type":"","overlay-color":"","overlay-opacity":"","overlay-gradient":""},"tablet":{"background-color":"","background-image":"","background-repeat":"repeat","background-position":"center center","background-size":"auto","background-attachment":"scroll","background-type":"","background-media":"","overlay-type":"","overlay-color":"","overlay-opacity":"","overlay-gradient":""},"mobile":{"background-color":"","background-image":"","background-repeat":"repeat","background-position":"center center","background-size":"auto","background-attachment":"scroll","background-type":"","background-media":"","overlay-type":"","overlay-color":"","overlay-opacity":"","overlay-gradient":""}},"ast-content-background-meta":{"desktop":{"background-color":"var(--ast-global-color-5)","background-image":"","background-repeat":"repeat","background-position":"center center","background-size":"auto","background-attachment":"scroll","background-type":"","background-media":"","overlay-type":"","overlay-color":"","overlay-opacity":"","overlay-gradient":""},"tablet":{"background-color":"var(--ast-global-color-5)","background-image":"","background-repeat":"repeat","background-position":"center center","background-size":"auto","background-attachment":"scroll","background-type":"","background-media":"","overlay-type":"","overlay-color":"","overlay-opacity":"","overlay-gradient":""},"mobile":{"background-color":"var(--ast-global-color-5)","background-image":"","background-repeat":"repeat","background-position":"center center","background-size":"auto","background-attachment":"scroll","background-type":"","background-media":"","overlay-type":"","overlay-color":"","overlay-opacity":"","overlay-gradient":""}}},"product_brand":[],"product_cat":[61,60],"product_tag":[],"class_list":{"0":"post-1991","1":"product","2":"type-product","3":"status-publish","4":"has-post-thumbnail","6":"product_cat-abris","7":"product_cat-materiel-a-louer","8":"desktop-align-left","9":"tablet-align-left","10":"mobile-align-left","12":"first","13":"instock","14":"shipping-taxable","15":"purchasable","16":"product-type-simple"},"yoast_head":"<!-- This site is optimized with the Yoast SEO plugin v27.3 - https:\/\/yoast.com\/product\/yoast-seo-wordpress\/ -->\n<title>Tente de r\u00e9ception 40 m2 - Den\u00e9e location inter asso<\/title>\n<meta name=\"robots\" content=\"index, follow, max-snippet:-1, max-image-preview:large, max-video-preview:-1\" \/>\n<link rel=\"canonical\" href=\"https:\/\/denee-location-inter-asso.fr\/index.php\/produit\/tente-de-reception-40-m2-2\/\" \/>\n<meta property=\"og:locale\" content=\"fr_FR\" \/>\n<meta property=\"og:type\" content=\"article\" \/>\n<meta property=\"og:title\" content=\"Tente de r\u00e9ception 40 m2 - Den\u00e9e location inter asso\" \/>\n<meta property=\"og:description\" content=\"Dur\u00e9e de la location : La\u00a0 location est consentie pour une dur\u00e9e de 4 jours \u00e0 compter du : Vendredi \u00e0 18 h pr\u00e9cise pour se terminer le lundi \u00e0 18 h pr\u00e9cise. Retrait : rue du Colonel \u00e0 Den\u00e9e (face \u00e0 l\u2019\u00e9cole Sainte Marie) La location est r\u00e9serv\u00e9e aux habitants de la commune de Den\u00e9e 49190.\" \/>\n<meta property=\"og:url\" content=\"https:\/\/denee-location-inter-asso.fr\/index.php\/produit\/tente-de-reception-40-m2-2\/\" \/>\n<meta property=\"og:site_name\" content=\"Den\u00e9e location inter asso\" \/>\n<meta property=\"article:modified_time\" content=\"2026-04-04T19:14:26+00:00\" \/>\n<meta property=\"og:image\" content=\"https:\/\/denee-location-inter-asso.fr\/wp-content\/uploads\/2022\/10\/3.png\" \/>\n\t<meta property=\"og:image:width\" content=\"1080\" \/>\n\t<meta property=\"og:image:height\" content=\"1080\" \/>\n\t<meta property=\"og:image:type\" content=\"image\/png\" \/>\n<meta name=\"twitter:card\" content=\"summary_large_image\" \/>\n<meta name=\"twitter:label1\" content=\"Dur\u00e9e de lecture estim\u00e9e\" \/>\n\t<meta name=\"twitter:data1\" content=\"1 minute\" \/>\n<script type=\"application\/ld+json\" class=\"yoast-schema-graph\">{\"@context\":\"https:\\\/\\\/schema.org\",\"@graph\":[{\"@type\":\"WebPage\",\"@id\":\"https:\\\/\\\/denee-location-inter-asso.fr\\\/index.php\\\/produit\\\/tente-de-reception-40-m2-2\\\/\",\"url\":\"https:\\\/\\\/denee-location-inter-asso.fr\\\/index.php\\\/produit\\\/tente-de-reception-40-m2-2\\\/\",\"name\":\"Tente de r\u00e9ception 40 m2 - Den\u00e9e location inter asso\",\"isPartOf\":{\"@id\":\"https:\\\/\\\/denee-location-inter-asso.fr\\\/#website\"},\"primaryImageOfPage\":{\"@id\":\"https:\\\/\\\/denee-location-inter-asso.fr\\\/index.php\\\/produit\\\/tente-de-reception-40-m2-2\\\/#primaryimage\"},\"image\":{\"@id\":\"https:\\\/\\\/denee-location-inter-asso.fr\\\/index.php\\\/produit\\\/tente-de-reception-40-m2-2\\\/#primaryimage\"},\"thumbnailUrl\":\"https:\\\/\\\/denee-location-inter-asso.fr\\\/wp-content\\\/uploads\\\/2022\\\/10\\\/3.png\",\"datePublished\":\"2023-11-10T14:04:31+00:00\",\"dateModified\":\"2026-04-04T19:14:26+00:00\",\"breadcrumb\":{\"@id\":\"https:\\\/\\\/denee-location-inter-asso.fr\\\/index.php\\\/produit\\\/tente-de-reception-40-m2-2\\\/#breadcrumb\"},\"inLanguage\":\"fr-FR\",\"potentialAction\":[{\"@type\":\"ReadAction\",\"target\":[\"https:\\\/\\\/denee-location-inter-asso.fr\\\/index.php\\\/produit\\\/tente-de-reception-40-m2-2\\\/\"]}]},{\"@type\":\"ImageObject\",\"inLanguage\":\"fr-FR\",\"@id\":\"https:\\\/\\\/denee-location-inter-asso.fr\\\/index.php\\\/produit\\\/tente-de-reception-40-m2-2\\\/#primaryimage\",\"url\":\"https:\\\/\\\/denee-location-inter-asso.fr\\\/wp-content\\\/uploads\\\/2022\\\/10\\\/3.png\",\"contentUrl\":\"https:\\\/\\\/denee-location-inter-asso.fr\\\/wp-content\\\/uploads\\\/2022\\\/10\\\/3.png\",\"width\":1080,\"height\":1080},{\"@type\":\"BreadcrumbList\",\"@id\":\"https:\\\/\\\/denee-location-inter-asso.fr\\\/index.php\\\/produit\\\/tente-de-reception-40-m2-2\\\/#breadcrumb\",\"itemListElement\":[{\"@type\":\"ListItem\",\"position\":1,\"name\":\"Accueil\",\"item\":\"https:\\\/\\\/denee-location-inter-asso.fr\\\/\"},{\"@type\":\"ListItem\",\"position\":2,\"name\":\"Boutique\",\"item\":\"https:\\\/\\\/denee-location-inter-asso.fr\\\/index.php\\\/boutique\\\/\"},{\"@type\":\"ListItem\",\"position\":3,\"name\":\"Tente de r\u00e9ception 40 m2\"}]},{\"@type\":\"WebSite\",\"@id\":\"https:\\\/\\\/denee-location-inter-asso.fr\\\/#website\",\"url\":\"https:\\\/\\\/denee-location-inter-asso.fr\\\/\",\"name\":\"Den\u00e9e location Inter Asso\",\"description\":\"\",\"publisher\":{\"@id\":\"https:\\\/\\\/denee-location-inter-asso.fr\\\/#organization\"},\"potentialAction\":[{\"@type\":\"SearchAction\",\"target\":{\"@type\":\"EntryPoint\",\"urlTemplate\":\"https:\\\/\\\/denee-location-inter-asso.fr\\\/?s={search_term_string}\"},\"query-input\":{\"@type\":\"PropertyValueSpecification\",\"valueRequired\":true,\"valueName\":\"search_term_string\"}}],\"inLanguage\":\"fr-FR\"},{\"@type\":\"Organization\",\"@id\":\"https:\\\/\\\/denee-location-inter-asso.fr\\\/#organization\",\"name\":\"Den\u00e9e location Inter Asso\",\"url\":\"https:\\\/\\\/denee-location-inter-asso.fr\\\/\",\"logo\":{\"@type\":\"ImageObject\",\"inLanguage\":\"fr-FR\",\"@id\":\"https:\\\/\\\/denee-location-inter-asso.fr\\\/#\\\/schema\\\/logo\\\/image\\\/\",\"url\":\"https:\\\/\\\/denee-location-inter-asso.fr\\\/wp-content\\\/uploads\\\/2022\\\/09\\\/D-500-\u00d7-200-px-300-\u00d7-200-px.png\",\"contentUrl\":\"https:\\\/\\\/denee-location-inter-asso.fr\\\/wp-content\\\/uploads\\\/2022\\\/09\\\/D-500-\u00d7-200-px-300-\u00d7-200-px.png\",\"width\":300,\"height\":200,\"caption\":\"Den\u00e9e location Inter Asso\"},\"image\":{\"@id\":\"https:\\\/\\\/denee-location-inter-asso.fr\\\/#\\\/schema\\\/logo\\\/image\\\/\"}}]}<\/script>\n<!-- \/ Yoast SEO plugin. -->","yoast_head_json":{"title":"Tente de r\u00e9ception 40 m2 - Den\u00e9e location inter asso","robots":{"index":"index","follow":"follow","max-snippet":"max-snippet:-1","max-image-preview":"max-image-preview:large","max-video-preview":"max-video-preview:-1"},"canonical":"https:\/\/denee-location-inter-asso.fr\/index.php\/produit\/tente-de-reception-40-m2-2\/","og_locale":"fr_FR","og_type":"article","og_title":"Tente de r\u00e9ception 40 m2 - Den\u00e9e location inter asso","og_description":"Dur\u00e9e de la location : La\u00a0 location est consentie pour une dur\u00e9e de 4 jours \u00e0 compter du : Vendredi \u00e0 18 h pr\u00e9cise pour se terminer le lundi \u00e0 18 h pr\u00e9cise. Retrait : rue du Colonel \u00e0 Den\u00e9e (face \u00e0 l\u2019\u00e9cole Sainte Marie) La location est r\u00e9serv\u00e9e aux habitants de la commune de Den\u00e9e 49190.","og_url":"https:\/\/denee-location-inter-asso.fr\/index.php\/produit\/tente-de-reception-40-m2-2\/","og_site_name":"Den\u00e9e location inter asso","article_modified_time":"2026-04-04T19:14:26+00:00","og_image":[{"width":1080,"height":1080,"url":"https:\/\/denee-location-inter-asso.fr\/wp-content\/uploads\/2022\/10\/3.png","type":"image\/png"}],"twitter_card":"summary_large_image","twitter_misc":{"Dur\u00e9e de lecture estim\u00e9e":"1 minute"},"schema":{"@context":"https:\/\/schema.org","@graph":[{"@type":"WebPage","@id":"https:\/\/denee-location-inter-asso.fr\/index.php\/produit\/tente-de-reception-40-m2-2\/","url":"https:\/\/denee-location-inter-asso.fr\/index.php\/produit\/tente-de-reception-40-m2-2\/","name":"Tente de r\u00e9ception 40 m2 - Den\u00e9e location inter asso","isPartOf":{"@id":"https:\/\/denee-location-inter-asso.fr\/#website"},"primaryImageOfPage":{"@id":"https:\/\/denee-location-inter-asso.fr\/index.php\/produit\/tente-de-reception-40-m2-2\/#primaryimage"},"image":{"@id":"https:\/\/denee-location-inter-asso.fr\/index.php\/produit\/tente-de-reception-40-m2-2\/#primaryimage"},"thumbnailUrl":"https:\/\/denee-location-inter-asso.fr\/wp-content\/uploads\/2022\/10\/3.png","datePublished":"2023-11-10T14:04:31+00:00","dateModified":"2026-04-04T19:14:26+00:00","breadcrumb":{"@id":"https:\/\/denee-location-inter-asso.fr\/index.php\/produit\/tente-de-reception-40-m2-2\/#breadcrumb"},"inLanguage":"fr-FR","potentialAction":[{"@type":"ReadAction","target":["https:\/\/denee-location-inter-asso.fr\/index.php\/produit\/tente-de-reception-40-m2-2\/"]}]},{"@type":"ImageObject","inLanguage":"fr-FR","@id":"https:\/\/denee-location-inter-asso.fr\/index.php\/produit\/tente-de-reception-40-m2-2\/#primaryimage","url":"https:\/\/denee-location-inter-asso.fr\/wp-content\/uploads\/2022\/10\/3.png","contentUrl":"https:\/\/denee-location-inter-asso.fr\/wp-content\/uploads\/2022\/10\/3.png","width":1080,"height":1080},{"@type":"BreadcrumbList","@id":"https:\/\/denee-location-inter-asso.fr\/index.php\/produit\/tente-de-reception-40-m2-2\/#breadcrumb","itemListElement":[{"@type":"ListItem","position":1,"name":"Accueil","item":"https:\/\/denee-location-inter-asso.fr\/"},{"@type":"ListItem","position":2,"name":"Boutique","item":"https:\/\/denee-location-inter-asso.fr\/index.php\/boutique\/"},{"@type":"ListItem","position":3,"name":"Tente de r\u00e9ception 40 m2"}]},{"@type":"WebSite","@id":"https:\/\/denee-location-inter-asso.fr\/#website","url":"https:\/\/denee-location-inter-asso.fr\/","name":"Den\u00e9e location Inter Asso","description":"","publisher":{"@id":"https:\/\/denee-location-inter-asso.fr\/#organization"},"potentialAction":[{"@type":"SearchAction","target":{"@type":"EntryPoint","urlTemplate":"https:\/\/denee-location-inter-asso.fr\/?s={search_term_string}"},"query-input":{"@type":"PropertyValueSpecification","valueRequired":true,"valueName":"search_term_string"}}],"inLanguage":"fr-FR"},{"@type":"Organization","@id":"https:\/\/denee-location-inter-asso.fr\/#organization","name":"Den\u00e9e location Inter Asso","url":"https:\/\/denee-location-inter-asso.fr\/","logo":{"@type":"ImageObject","inLanguage":"fr-FR","@id":"https:\/\/denee-location-inter-asso.fr\/#\/schema\/logo\/image\/","url":"https:\/\/denee-location-inter-asso.fr\/wp-content\/uploads\/2022\/09\/D-500-\u00d7-200-px-300-\u00d7-200-px.png","contentUrl":"https:\/\/denee-location-inter-asso.fr\/wp-content\/uploads\/2022\/09\/D-500-\u00d7-200-px-300-\u00d7-200-px.png","width":300,"height":200,"caption":"Den\u00e9e location Inter Asso"},"image":{"@id":"https:\/\/denee-location-inter-asso.fr\/#\/schema\/logo\/image\/"}}]}},"_links":{"self":[{"href":"https:\/\/denee-location-inter-asso.fr\/index.php\/wp-json\/wp\/v2\/product\/1991","targetHints":{"allow":["GET"]}}],"collection":[{"href":"https:\/\/denee-location-inter-asso.fr\/index.php\/wp-json\/wp\/v2\/product"}],"about":[{"href":"https:\/\/denee-location-inter-asso.fr\/index.php\/wp-json\/wp\/v2\/types\/product"}],"version-history":[{"count":4,"href":"https:\/\/denee-location-inter-asso.fr\/index.php\/wp-json\/wp\/v2\/product\/1991\/revisions"}],"predecessor-version":[{"id":2643,"href":"https:\/\/denee-location-inter-asso.fr\/index.php\/wp-json\/wp\/v2\/product\/1991\/revisions\/2643"}],"wp:featuredmedia":[{"embeddable":true,"href":"https:\/\/denee-location-inter-asso.fr\/index.php\/wp-json\/wp\/v2\/media\/623"}],"wp:attachment":[{"href":"https:\/\/denee-location-inter-asso.fr\/index.php\/wp-json\/wp\/v2\/media?parent=1991"}],"wp:term":[{"taxonomy":"product_brand","embeddable":true,"href":"https:\/\/denee-location-inter-asso.fr\/index.php\/wp-json\/wp\/v2\/product_brand?post=1991"},{"taxonomy":"product_cat","embeddable":true,"href":"https:\/\/denee-location-inter-asso.fr\/index.php\/wp-json\/wp\/v2\/product_cat?post=1991"},{"taxonomy":"product_tag","embeddable":true,"href":"https:\/\/denee-location-inter-asso.fr\/index.php\/wp-json\/wp\/v2\/product_tag?post=1991"}],"curies":[{"name":"wp","href":"https:\/\/api.w.org\/{rel}","templated":true}]}}