{"id":22,"date":"2022-07-21T12:58:57","date_gmt":"2022-07-21T10:58:57","guid":{"rendered":"http:\/\/denee-location-inter-asso.fr\/?page_id=22"},"modified":"2024-02-28T14:23:17","modified_gmt":"2024-02-28T13:23:17","slug":"mentions-legales","status":"publish","type":"page","link":"https:\/\/denee-location-inter-asso.fr\/index.php\/mentions-legales\/","title":{"rendered":"Mentions L\u00e9gales"},"content":{"rendered":"\t\t<div data-elementor-type=\"wp-page\" data-elementor-id=\"22\" class=\"elementor elementor-22\" data-elementor-post-type=\"page\">\n\t\t\t\t\t\t<section class=\"elementor-section elementor-top-section elementor-element elementor-element-5ec251c elementor-section-boxed elementor-section-height-default elementor-section-height-default\" data-id=\"5ec251c\" data-element_type=\"section\" data-e-type=\"section\">\n\t\t\t\t\t\t<div class=\"elementor-container elementor-column-gap-default\">\n\t\t\t\t\t<div class=\"elementor-column elementor-col-100 elementor-top-column elementor-element elementor-element-9c8b829\" data-id=\"9c8b829\" data-element_type=\"column\" data-e-type=\"column\">\n\t\t\t<div class=\"elementor-widget-wrap elementor-element-populated\">\n\t\t\t\t\t\t<div class=\"elementor-element elementor-element-bad6bde elementor-widget elementor-widget-text-editor\" data-id=\"bad6bde\" data-element_type=\"widget\" data-e-type=\"widget\" data-widget_type=\"text-editor.default\">\n\t\t\t\t<div class=\"elementor-widget-container\">\n\t\t\t\t\t\t\t\t\t<p>Den\u00e9e Inter Association. est une Association au N\u00b0SIRET 80450355500026\u00a0 domicili\u00e9es au rue du Colonel, 49190 Den\u00e9e. Adresse mail :<strong> locationdia@gmail.com<\/strong><\/p><p><strong>H\u00e9bergement<\/strong> :<br \/>OVH<br \/>2 rue Kellermann,<br \/>59100 Roubaix<\/p><p><strong>Droits de reproduction<\/strong> : Les informations pr\u00e9sent\u00e9es sur ce site sont publiques. La reproduction des pages de ce site est autoris\u00e9e \u00e0 la condition d\u2019y mentionner la source et de cr\u00e9er un lien sur la ou les pages de r\u00e9f\u00e9rence. Elles ne peuvent \u00eatre utilis\u00e9es \u00e0 des fins commerciales ou publicitaires. Lorsque des donn\u00e9es pr\u00e9sentes sur ce site ont un caract\u00e8re nominatif, les utilisateurs doivent en faire un usage conforme aux r\u00e9glementations en vigueur et aux recommandations de la Commission Nationale de l\u2019Informatique et des Libert\u00e9s (CNIL)<\/p>\t\t\t\t\t\t\t\t<\/div>\n\t\t\t\t<\/div>\n\t\t\t\t\t<\/div>\n\t\t<\/div>\n\t\t\t\t\t<\/div>\n\t\t<\/section>\n\t\t\t\t<\/div>\n\t\t","protected":false},"excerpt":{"rendered":"<p>Den\u00e9e Inter Association. est une Association au N\u00b0SIRET 80450355500026\u00a0 domicili\u00e9es au rue du Colonel, 49190 Den\u00e9e. Adresse mail : locationdia@gmail.com H\u00e9bergement :OVH2 rue Kellermann,59100 Roubaix Droits de reproduction : Les informations pr\u00e9sent\u00e9es sur ce site sont publiques. La reproduction des pages de ce site est autoris\u00e9e \u00e0 la condition d\u2019y mentionner la source et de [&hellip;]<\/p>\n","protected":false},"author":1,"featured_media":0,"parent":0,"menu_order":0,"comment_status":"closed","ping_status":"closed","template":"","meta":{"site-sidebar-layout":"no-sidebar","site-content-layout":"page-builder","ast-site-content-layout":"default","site-content-style":"default","site-sidebar-style":"default","ast-global-header-display":"","ast-banner-title-visibility":"","ast-main-header-display":"","ast-hfb-above-header-display":"","ast-hfb-below-header-display":"","ast-hfb-mobile-header-display":"","site-post-title":"disabled","ast-breadcrumbs-content":"","ast-featured-img":"disabled","footer-sml-layout":"","ast-disable-related-posts":"","theme-transparent-header-meta":"","adv-header-id-meta":"","stick-header-meta":"","header-above-stick-meta":"","header-main-stick-meta":"","header-below-stick-meta":"","astra-migrate-meta-layouts":"default","ast-page-background-enabled":"default","ast-page-background-meta":{"desktop":{"background-color":"var(--ast-global-color-4)","background-image":"","background-repeat":"repeat","background-position":"center center","background-size":"auto","background-attachment":"scroll","background-type":"","background-media":"","overlay-type":"","overlay-color":"","overlay-opacity":"","overlay-gradient":""},"tablet":{"background-color":"","background-image":"","background-repeat":"repeat","background-position":"center center","background-size":"auto","background-attachment":"scroll","background-type":"","background-media":"","overlay-type":"","overlay-color":"","overlay-opacity":"","overlay-gradient":""},"mobile":{"background-color":"","background-image":"","background-repeat":"repeat","background-position":"center center","background-size":"auto","background-attachment":"scroll","background-type":"","background-media":"","overlay-type":"","overlay-color":"","overlay-opacity":"","overlay-gradient":""}},"ast-content-background-meta":{"desktop":{"background-color":"var(--ast-global-color-5)","background-image":"","background-repeat":"repeat","background-position":"center center","background-size":"auto","background-attachment":"scroll","background-type":"","background-media":"","overlay-type":"","overlay-color":"","overlay-opacity":"","overlay-gradient":""},"tablet":{"background-color":"var(--ast-global-color-5)","background-image":"","background-repeat":"repeat","background-position":"center center","background-size":"auto","background-attachment":"scroll","background-type":"","background-media":"","overlay-type":"","overlay-color":"","overlay-opacity":"","overlay-gradient":""},"mobile":{"background-color":"var(--ast-global-color-5)","background-image":"","background-repeat":"repeat","background-position":"center center","background-size":"auto","background-attachment":"scroll","background-type":"","background-media":"","overlay-type":"","overlay-color":"","overlay-opacity":"","overlay-gradient":""}},"footnotes":""},"class_list":["post-22","page","type-page","status-publish","hentry"],"yoast_head":"<!-- This site is optimized with the Yoast SEO plugin v27.3 - https:\/\/yoast.com\/product\/yoast-seo-wordpress\/ -->\n<title>Mentions L\u00e9gales - Den\u00e9e location inter asso<\/title>\n<meta name=\"robots\" content=\"index, follow, max-snippet:-1, max-image-preview:large, max-video-preview:-1\" \/>\n<link rel=\"canonical\" href=\"https:\/\/denee-location-inter-asso.fr\/index.php\/mentions-legales\/\" \/>\n<meta property=\"og:locale\" content=\"fr_FR\" \/>\n<meta property=\"og:type\" content=\"article\" \/>\n<meta property=\"og:title\" content=\"Mentions L\u00e9gales - Den\u00e9e location inter asso\" \/>\n<meta property=\"og:description\" content=\"Den\u00e9e Inter Association. est une Association au N\u00b0SIRET 80450355500026\u00a0 domicili\u00e9es au rue du Colonel, 49190 Den\u00e9e. Adresse mail : locationdia@gmail.com H\u00e9bergement :OVH2 rue Kellermann,59100 Roubaix Droits de reproduction : Les informations pr\u00e9sent\u00e9es sur ce site sont publiques. La reproduction des pages de ce site est autoris\u00e9e \u00e0 la condition d\u2019y mentionner la source et de [&hellip;]\" \/>\n<meta property=\"og:url\" content=\"https:\/\/denee-location-inter-asso.fr\/index.php\/mentions-legales\/\" \/>\n<meta property=\"og:site_name\" content=\"Den\u00e9e location inter asso\" \/>\n<meta property=\"article:modified_time\" content=\"2024-02-28T13:23:17+00:00\" \/>\n<meta name=\"twitter:card\" content=\"summary_large_image\" \/>\n<meta name=\"twitter:label1\" content=\"Dur\u00e9e de lecture estim\u00e9e\" \/>\n\t<meta name=\"twitter:data1\" content=\"1 minute\" \/>\n<script type=\"application\/ld+json\" class=\"yoast-schema-graph\">{\"@context\":\"https:\\\/\\\/schema.org\",\"@graph\":[{\"@type\":\"WebPage\",\"@id\":\"https:\\\/\\\/denee-location-inter-asso.fr\\\/index.php\\\/mentions-legales\\\/\",\"url\":\"https:\\\/\\\/denee-location-inter-asso.fr\\\/index.php\\\/mentions-legales\\\/\",\"name\":\"Mentions L\u00e9gales - Den\u00e9e location inter asso\",\"isPartOf\":{\"@id\":\"https:\\\/\\\/denee-location-inter-asso.fr\\\/#website\"},\"datePublished\":\"2022-07-21T10:58:57+00:00\",\"dateModified\":\"2024-02-28T13:23:17+00:00\",\"breadcrumb\":{\"@id\":\"https:\\\/\\\/denee-location-inter-asso.fr\\\/index.php\\\/mentions-legales\\\/#breadcrumb\"},\"inLanguage\":\"fr-FR\",\"potentialAction\":[{\"@type\":\"ReadAction\",\"target\":[\"https:\\\/\\\/denee-location-inter-asso.fr\\\/index.php\\\/mentions-legales\\\/\"]}]},{\"@type\":\"BreadcrumbList\",\"@id\":\"https:\\\/\\\/denee-location-inter-asso.fr\\\/index.php\\\/mentions-legales\\\/#breadcrumb\",\"itemListElement\":[{\"@type\":\"ListItem\",\"position\":1,\"name\":\"Accueil\",\"item\":\"https:\\\/\\\/denee-location-inter-asso.fr\\\/\"},{\"@type\":\"ListItem\",\"position\":2,\"name\":\"Mentions L\u00e9gales\"}]},{\"@type\":\"WebSite\",\"@id\":\"https:\\\/\\\/denee-location-inter-asso.fr\\\/#website\",\"url\":\"https:\\\/\\\/denee-location-inter-asso.fr\\\/\",\"name\":\"Den\u00e9e location Inter Asso\",\"description\":\"\",\"publisher\":{\"@id\":\"https:\\\/\\\/denee-location-inter-asso.fr\\\/#organization\"},\"potentialAction\":[{\"@type\":\"SearchAction\",\"target\":{\"@type\":\"EntryPoint\",\"urlTemplate\":\"https:\\\/\\\/denee-location-inter-asso.fr\\\/?s={search_term_string}\"},\"query-input\":{\"@type\":\"PropertyValueSpecification\",\"valueRequired\":true,\"valueName\":\"search_term_string\"}}],\"inLanguage\":\"fr-FR\"},{\"@type\":\"Organization\",\"@id\":\"https:\\\/\\\/denee-location-inter-asso.fr\\\/#organization\",\"name\":\"Den\u00e9e location Inter Asso\",\"url\":\"https:\\\/\\\/denee-location-inter-asso.fr\\\/\",\"logo\":{\"@type\":\"ImageObject\",\"inLanguage\":\"fr-FR\",\"@id\":\"https:\\\/\\\/denee-location-inter-asso.fr\\\/#\\\/schema\\\/logo\\\/image\\\/\",\"url\":\"https:\\\/\\\/denee-location-inter-asso.fr\\\/wp-content\\\/uploads\\\/2022\\\/09\\\/D-500-\u00d7-200-px-300-\u00d7-200-px.png\",\"contentUrl\":\"https:\\\/\\\/denee-location-inter-asso.fr\\\/wp-content\\\/uploads\\\/2022\\\/09\\\/D-500-\u00d7-200-px-300-\u00d7-200-px.png\",\"width\":300,\"height\":200,\"caption\":\"Den\u00e9e location Inter Asso\"},\"image\":{\"@id\":\"https:\\\/\\\/denee-location-inter-asso.fr\\\/#\\\/schema\\\/logo\\\/image\\\/\"}}]}<\/script>\n<!-- \/ Yoast SEO plugin. -->","yoast_head_json":{"title":"Mentions L\u00e9gales - Den\u00e9e location inter asso","robots":{"index":"index","follow":"follow","max-snippet":"max-snippet:-1","max-image-preview":"max-image-preview:large","max-video-preview":"max-video-preview:-1"},"canonical":"https:\/\/denee-location-inter-asso.fr\/index.php\/mentions-legales\/","og_locale":"fr_FR","og_type":"article","og_title":"Mentions L\u00e9gales - Den\u00e9e location inter asso","og_description":"Den\u00e9e Inter Association. est une Association au N\u00b0SIRET 80450355500026\u00a0 domicili\u00e9es au rue du Colonel, 49190 Den\u00e9e. Adresse mail : locationdia@gmail.com H\u00e9bergement :OVH2 rue Kellermann,59100 Roubaix Droits de reproduction : Les informations pr\u00e9sent\u00e9es sur ce site sont publiques. La reproduction des pages de ce site est autoris\u00e9e \u00e0 la condition d\u2019y mentionner la source et de [&hellip;]","og_url":"https:\/\/denee-location-inter-asso.fr\/index.php\/mentions-legales\/","og_site_name":"Den\u00e9e location inter asso","article_modified_time":"2024-02-28T13:23:17+00:00","twitter_card":"summary_large_image","twitter_misc":{"Dur\u00e9e de lecture estim\u00e9e":"1 minute"},"schema":{"@context":"https:\/\/schema.org","@graph":[{"@type":"WebPage","@id":"https:\/\/denee-location-inter-asso.fr\/index.php\/mentions-legales\/","url":"https:\/\/denee-location-inter-asso.fr\/index.php\/mentions-legales\/","name":"Mentions L\u00e9gales - Den\u00e9e location inter asso","isPartOf":{"@id":"https:\/\/denee-location-inter-asso.fr\/#website"},"datePublished":"2022-07-21T10:58:57+00:00","dateModified":"2024-02-28T13:23:17+00:00","breadcrumb":{"@id":"https:\/\/denee-location-inter-asso.fr\/index.php\/mentions-legales\/#breadcrumb"},"inLanguage":"fr-FR","potentialAction":[{"@type":"ReadAction","target":["https:\/\/denee-location-inter-asso.fr\/index.php\/mentions-legales\/"]}]},{"@type":"BreadcrumbList","@id":"https:\/\/denee-location-inter-asso.fr\/index.php\/mentions-legales\/#breadcrumb","itemListElement":[{"@type":"ListItem","position":1,"name":"Accueil","item":"https:\/\/denee-location-inter-asso.fr\/"},{"@type":"ListItem","position":2,"name":"Mentions L\u00e9gales"}]},{"@type":"WebSite","@id":"https:\/\/denee-location-inter-asso.fr\/#website","url":"https:\/\/denee-location-inter-asso.fr\/","name":"Den\u00e9e location Inter Asso","description":"","publisher":{"@id":"https:\/\/denee-location-inter-asso.fr\/#organization"},"potentialAction":[{"@type":"SearchAction","target":{"@type":"EntryPoint","urlTemplate":"https:\/\/denee-location-inter-asso.fr\/?s={search_term_string}"},"query-input":{"@type":"PropertyValueSpecification","valueRequired":true,"valueName":"search_term_string"}}],"inLanguage":"fr-FR"},{"@type":"Organization","@id":"https:\/\/denee-location-inter-asso.fr\/#organization","name":"Den\u00e9e location Inter Asso","url":"https:\/\/denee-location-inter-asso.fr\/","logo":{"@type":"ImageObject","inLanguage":"fr-FR","@id":"https:\/\/denee-location-inter-asso.fr\/#\/schema\/logo\/image\/","url":"https:\/\/denee-location-inter-asso.fr\/wp-content\/uploads\/2022\/09\/D-500-\u00d7-200-px-300-\u00d7-200-px.png","contentUrl":"https:\/\/denee-location-inter-asso.fr\/wp-content\/uploads\/2022\/09\/D-500-\u00d7-200-px-300-\u00d7-200-px.png","width":300,"height":200,"caption":"Den\u00e9e location Inter Asso"},"image":{"@id":"https:\/\/denee-location-inter-asso.fr\/#\/schema\/logo\/image\/"}}]}},"_links":{"self":[{"href":"https:\/\/denee-location-inter-asso.fr\/index.php\/wp-json\/wp\/v2\/pages\/22","targetHints":{"allow":["GET"]}}],"collection":[{"href":"https:\/\/denee-location-inter-asso.fr\/index.php\/wp-json\/wp\/v2\/pages"}],"about":[{"href":"https:\/\/denee-location-inter-asso.fr\/index.php\/wp-json\/wp\/v2\/types\/page"}],"author":[{"embeddable":true,"href":"https:\/\/denee-location-inter-asso.fr\/index.php\/wp-json\/wp\/v2\/users\/1"}],"replies":[{"embeddable":true,"href":"https:\/\/denee-location-inter-asso.fr\/index.php\/wp-json\/wp\/v2\/comments?post=22"}],"version-history":[{"count":0,"href":"https:\/\/denee-location-inter-asso.fr\/index.php\/wp-json\/wp\/v2\/pages\/22\/revisions"}],"wp:attachment":[{"href":"https:\/\/denee-location-inter-asso.fr\/index.php\/wp-json\/wp\/v2\/media?parent=22"}],"curies":[{"name":"wp","href":"https:\/\/api.w.org\/{rel}","templated":true}]}}